{"id":150,"date":"2014-12-06T22:34:58","date_gmt":"2014-12-06T22:34:58","guid":{"rendered":"http:\/\/localhost\/wp_kape\/?page_id=150"},"modified":"2015-01-03T19:15:48","modified_gmt":"2015-01-03T19:15:48","slug":"verleih-uns-frieden-gnaediglich","status":"publish","type":"page","link":"https:\/\/www.kammerchorpesterwitz.de\/?page_id=150","title":{"rendered":"Verleih uns Frieden gn\u00e4diglich&#8230;"},"content":{"rendered":"<h4>20. April 2013, Kreuzkirche Dresden<br \/>\n21. April 2013, St. Jakobuskirche Pesterwitz<\/h4>\n<hr \/>\n<p><img loading=\"lazy\" decoding=\"async\" class=\"alignleft wp-image-152 size-full\" src=\"wp-content\/uploads\/2014\/12\/Verleih_uns_Frieden_April2013.jpg\" alt=\"Verleih_uns_Frieden_April2013\" width=\"300\" height=\"502\" srcset=\"https:\/\/www.kammerchorpesterwitz.de\/wp-content\/uploads\/2014\/12\/Verleih_uns_Frieden_April2013.jpg 300w, https:\/\/www.kammerchorpesterwitz.de\/wp-content\/uploads\/2014\/12\/Verleih_uns_Frieden_April2013-179x300.jpg 179w\" sizes=\"auto, (max-width: 300px) 100vw, 300px\" \/><strong>Verleih uns Frieden gn\u00e4diglich&#8230;<\/strong><br \/>\nEin Beitrag zum Themenjahr 2013 der Lutherdekade<\/p>\n<p>Kammerchor Pesterwitz<br \/>\nVera Blaas \u2013 Gesang<br \/>\nGeorg Wieland Wagner \u2013 Vibraphon, Marimba, Percussion<br \/>\nLeitung: Anne Horenburg<\/p>\n<p>&nbsp;<\/p>\n<p style=\"text-align: justify;\">Unter dem Motto \u201eIn meines Vaters Haus sind viele Wohnungen&#8230;\u201c suchen wir nach Antworten auf die Frage des friedlichen Nebeneinanders der verschiedenen Religionen sowie nach M\u00f6glichkeiten und Grenzen religi\u00f6ser Toleranz, scheuen aber auch nicht den Dialog zwischen Gl\u00e4ubigen und Nichtgl\u00e4ubigen.<br \/>\nWir freuen uns, dass wir f\u00fcr dieses Projekt den Komponisten und Percussionisten Georg Wieland Wagner gewinnen konnten, der eigens f\u00fcr diesen Anlass ein Werk f\u00fcr Chor und Vibraphon nach Texten des libanesisch christlichen Philosophen Khalil Gibran komponiert hat. Daneben wird das Ensemble Werke von Heinrich Sch\u00fctz und Rudolf Mauersberger interpretieren.<\/p>\n","protected":false},"excerpt":{"rendered":"<p>20. April 2013, Kreuzkirche Dresden 21. April 2013, St. Jakobuskirche Pesterwitz Verleih uns Frieden gn\u00e4diglich&#8230; Ein Beitrag zum Themenjahr 2013 der Lutherdekade Kammerchor Pesterwitz Vera Blaas \u2013 Gesang Georg Wieland Wagner \u2013 Vibraphon, Marimba, Percussion Leitung: Anne Horenburg &nbsp; Unter&#8230; <a class=\"read-more-button\" href=\"https:\/\/www.kammerchorpesterwitz.de\/?page_id=150\">(MEHR LESEN)<\/a><\/p>\n","protected":false},"author":1,"featured_media":0,"parent":131,"menu_order":0,"comment_status":"closed","ping_status":"closed","template":"","meta":{"footnotes":""},"class_list":["post-150","page","type-page","status-publish","hentry"],"_links":{"self":[{"href":"https:\/\/www.kammerchorpesterwitz.de\/index.php?rest_route=\/wp\/v2\/pages\/150","targetHints":{"allow":["GET"]}}],"collection":[{"href":"https:\/\/www.kammerchorpesterwitz.de\/index.php?rest_route=\/wp\/v2\/pages"}],"about":[{"href":"https:\/\/www.kammerchorpesterwitz.de\/index.php?rest_route=\/wp\/v2\/types\/page"}],"author":[{"embeddable":true,"href":"https:\/\/www.kammerchorpesterwitz.de\/index.php?rest_route=\/wp\/v2\/users\/1"}],"replies":[{"embeddable":true,"href":"https:\/\/www.kammerchorpesterwitz.de\/index.php?rest_route=%2Fwp%2Fv2%2Fcomments&post=150"}],"version-history":[{"count":6,"href":"https:\/\/www.kammerchorpesterwitz.de\/index.php?rest_route=\/wp\/v2\/pages\/150\/revisions"}],"predecessor-version":[{"id":492,"href":"https:\/\/www.kammerchorpesterwitz.de\/index.php?rest_route=\/wp\/v2\/pages\/150\/revisions\/492"}],"up":[{"embeddable":true,"href":"https:\/\/www.kammerchorpesterwitz.de\/index.php?rest_route=\/wp\/v2\/pages\/131"}],"wp:attachment":[{"href":"https:\/\/www.kammerchorpesterwitz.de\/index.php?rest_route=%2Fwp%2Fv2%2Fmedia&parent=150"}],"curies":[{"name":"wp","href":"https:\/\/api.w.org\/{rel}","templated":true}]}}