{"id":224,"date":"2014-12-13T22:14:01","date_gmt":"2014-12-13T22:14:01","guid":{"rendered":"http:\/\/localhost\/wp_kape\/?page_id=224"},"modified":"2015-01-03T17:21:37","modified_gmt":"2015-01-03T17:21:37","slug":"presse-2008","status":"publish","type":"page","link":"https:\/\/www.kammerchorpesterwitz.de\/?page_id=224","title":{"rendered":"Presse 2008"},"content":{"rendered":"<h4>K\u00f6lner Stadt-Anzeiger, 10.06.2008<\/h4>\n<h6>Mitleid mit dem Teufel<\/h6>\n<p style=\"text-align: justify;\"><strong>Das Staatsschauspiel Dresden begeistert im Forum auch mit \u201eFaust II\u201c<\/strong><br \/>\nPassgenau bezahlt macht sich die Idee, einen Chor in die Inszenierung einzubauen: Ob die jungen S\u00e4nger vom Kammerchor Pesterwitz als Karnevalsgesellschaft Ostermanns \u201eHeimweh nach K\u00f6ln\u201c singen, die \u201eInternationale\u201c, \u201eGro\u00dfer Gott, wir loben dich\u201c oder Ligetische Experimentalkl\u00e4nge: Der Chor passt sich immer ausgezeichnet in die B\u00fchnenhandlung ein &#8211; ironisch kommentierend oder stimmungsvoll und erhaben. \u2026 (Stefan Andres)<\/p>\n<hr \/>\n<p>&nbsp;<\/p>\n<h4>Rheinische Post, 6.06.2008<\/h4>\n<h6>Faust I war H\u00f6hepunkt einer besonderen Spielzeit<\/h6>\n<p style=\"text-align: justify;\">Eine weitere Besonderheit der Freytag Inszenierung ist die Kombination des Sprechtheaters mit Live-Musik: wie die Zuschauer der ersten Reihen sitzt der Kammerchor Pesterwitz (Ltg. Anne Horenburg) auf der halb herunter gefahrenen Vorb\u00fchne und f\u00e4ngt in den entscheidenden Augenblicken die Dialoge mit erstklassigem a-cappella-Gesang ab. Diese Momente, wenn sich die Spannung in \u00e4therisch klingenden Volkslieds\u00e4tzen l\u00f6st gehen den Zuschauern unmittelbar unter die Haut \u2026. (Monika Klein)<\/p>\n<hr \/>\n<p>&nbsp;<\/p>\n<h4>Dresdner Neueste Nachrichten, 11.03.2008<\/h4>\n<h6>Buxtehude jetzt!<\/h6>\n<p style=\"text-align: justify;\"><strong> Passionskonzert mit dem Kammerchor Pesterwitz<\/strong><br \/>\nWer h\u00e4tte das gedacht: Das Buxtehude-Jahr ist l\u00e4ngst Geschichte und trotzdem gibt es noch Auff\u00fchrungen seiner Musik! Man musste also nicht das n\u00e4chste Jubil\u00e4um abwarten, sondern konnte in der Pesterwitzer St. Jakobuskirche eine bemerkenswerte Auff\u00fchrung von Buxtehudes Kantatenzyklus \u201eMembra Jesu Nostri\u201c mit dem Kammerchor Pesterwitz unter Anne Horenburg erleben. Der Kammerchor Pesterwitz ist ein ambitioniertes Ensemble, das in der vergleichsweise kurzen Zeit seiner intensiven Arbeit mit Anne Horenburg eine erstaunliche Entwicklung genommen hat. Was Pr\u00e4zision oder Homogenit\u00e4t anbelangt, reicht man noch nicht an mit professionellem Anspruch arbeitende Ch\u00f6re heran, die sich sonst solcher Musik annehmen. An rundem, durchsichtigem Chorklang und Musizierfreude war dennoch keinerlei Mangel. Bemerkenswert aber war diese Auff\u00fchrun vor allem durch die eigenst\u00e4ndige Interpretation, die deutlich machte, dass sich Anne Horenburg nicht auf Vorlagen verl\u00e4sst, sondern konsequent eigene Ideen umsetzt. Die Tempi der einleitenden Sonaten w\u00e4hlte die Dirigentin in den sieben Kantaten ganz unterschiedlich und meist wesentlich langsamer, als man es sonst zu h\u00f6ren bekommt. Musikalischer Gestus und Textaussage stimmten \u00fcberein, gezielt waren oft aufregende und ganz unerwartete Akzente herausgearbeitet, ohne aufgesetzt zu wirken. Auf dieser Grundlage gab es nie den gern gesuchten Tonfall einer Litanei und nichts Einlullendes haftete mehr an der Musik: Sie gewann im Gegenteil eine Spannung und Kraft, die staunenswert war\u2026. Diese Auff\u00fchrung von Buxtehudes Passionsmusik war vielleicht nicht die perfekteste, daf\u00fcr aber musikalisch \u00fcberaus anregend und anr\u00fchrender als andere. (Hartmut Sch\u00fctz)<\/p>\n","protected":false},"excerpt":{"rendered":"<p>K\u00f6lner Stadt-Anzeiger, 10.06.2008 Mitleid mit dem Teufel Das Staatsschauspiel Dresden begeistert im Forum auch mit \u201eFaust II\u201c Passgenau bezahlt macht sich die Idee, einen Chor in die Inszenierung einzubauen: Ob die jungen S\u00e4nger vom Kammerchor Pesterwitz als Karnevalsgesellschaft Ostermanns \u201eHeimweh&#8230; <a class=\"read-more-button\" href=\"https:\/\/www.kammerchorpesterwitz.de\/?page_id=224\">(MEHR LESEN)<\/a><\/p>\n","protected":false},"author":1,"featured_media":0,"parent":215,"menu_order":0,"comment_status":"closed","ping_status":"closed","template":"","meta":{"footnotes":""},"class_list":["post-224","page","type-page","status-publish","hentry"],"_links":{"self":[{"href":"https:\/\/www.kammerchorpesterwitz.de\/index.php?rest_route=\/wp\/v2\/pages\/224","targetHints":{"allow":["GET"]}}],"collection":[{"href":"https:\/\/www.kammerchorpesterwitz.de\/index.php?rest_route=\/wp\/v2\/pages"}],"about":[{"href":"https:\/\/www.kammerchorpesterwitz.de\/index.php?rest_route=\/wp\/v2\/types\/page"}],"author":[{"embeddable":true,"href":"https:\/\/www.kammerchorpesterwitz.de\/index.php?rest_route=\/wp\/v2\/users\/1"}],"replies":[{"embeddable":true,"href":"https:\/\/www.kammerchorpesterwitz.de\/index.php?rest_route=%2Fwp%2Fv2%2Fcomments&post=224"}],"version-history":[{"count":3,"href":"https:\/\/www.kammerchorpesterwitz.de\/index.php?rest_route=\/wp\/v2\/pages\/224\/revisions"}],"predecessor-version":[{"id":426,"href":"https:\/\/www.kammerchorpesterwitz.de\/index.php?rest_route=\/wp\/v2\/pages\/224\/revisions\/426"}],"up":[{"embeddable":true,"href":"https:\/\/www.kammerchorpesterwitz.de\/index.php?rest_route=\/wp\/v2\/pages\/215"}],"wp:attachment":[{"href":"https:\/\/www.kammerchorpesterwitz.de\/index.php?rest_route=%2Fwp%2Fv2%2Fmedia&parent=224"}],"curies":[{"name":"wp","href":"https:\/\/api.w.org\/{rel}","templated":true}]}}