{"id":233,"date":"2014-12-13T22:23:32","date_gmt":"2014-12-13T22:23:32","guid":{"rendered":"http:\/\/localhost\/wp_kape\/?page_id=233"},"modified":"2015-01-03T17:20:48","modified_gmt":"2015-01-03T17:20:48","slug":"presse-2011","status":"publish","type":"page","link":"https:\/\/www.kammerchorpesterwitz.de\/?page_id=233","title":{"rendered":"Presse 2011"},"content":{"rendered":"<h4>Dresdner Neueste Nachrichten, 25.10.2011<\/h4>\n<h6>Tod und Verg\u00e4nglichkeit<\/h6>\n<p><strong>Kammerchor Pesterwitz sang in der Kreuzkirche<\/strong><\/p>\n<p style=\"text-align: justify;\">Drei Zeitgenossen, die den drei\u00dfigj\u00e4hrigen Krieg durchleiden mussten \u2013 Samuel Scheidt, Johann Hermann Schein und Heinrich Sch\u00fctz -, bestimmten den musikalischen Charakter der Vesper zum 18. Sonntag nach Trinitatis in der Kreuzkirche, wobei Sch\u00fctz und seine 1636 komponierten \u201eMusikalischen Exequien\u201c der Hauptteil zukam. Am Rande von Dresden, in Pesterwitz, ist seit 1999 unter Leitung von Anne Horenburg ein exzellenter Kammerchor herangewachsen, der ein homogenes Klangbild von kristalliner Durchsichtigkeit, gestalterische Kraft und Intonationssicherheit aufweist. Dass man sich dabei auf weniger spektakul\u00e4re Chorliteratur konzentriert, ist ein zus\u00e4tzliches Plus. Die \u201eMusikalischen Exequien\u201c erhielten hier bekenntnishaften Ausdruck, gestalterische Glaubw\u00fcrdigkeit.<\/p>\n<p style=\"text-align: justify;\">Sch\u00fctz\u2019 Anliegen, deutsche, also lutherische, Bibeltexte plastisch mit musikalischen Mitteln zu erf\u00fcllen, lag in besten H\u00e4nden. Organisch verschmolzen die Stimmen der vorz\u00fcglichen Solisten \u2013 Birte Kulawik, Marie Luise Werneburg, Martin Schreyer, Clemens Volkmar, Ingolf Seidel und Friedemann Klos \u2013 mit dem klangsch\u00f6n agierenden Chor. Zum H\u00f6hepunkt avancierte der dunkle, f\u00fcnfstimmige Chorsatz auf die Worte des alten Simeons nach der Begegnung mit dem Jesuskind \u201eHerr, nun l\u00e4ssest du deinen Diener in Friede fahren\u201c, zu dem das intime Terzett der Seraphim und der erl\u00f6sten Seele (Werneburg, Kulawik, Seidel) auf der Empore postiert in denkbar feinen Kontrast stand.<\/p>\n<p style=\"text-align: justify;\">Sorgf\u00e4ltig und stimmlich makellos nahm sich der Chor auch zweier erg\u00e4nzender S\u00e4tze an: der geistlichen Madrigale \u201eLehre uns bedenken\u201c und \u201eIch bin die Wurzel des Geschlechtes David\u201c aus Scheins 1623 erschienenem \u201eIsraelsbr\u00fcnnlein\u201c. Bei all dem erwiesen sich Christine Hesse (Continuo-Orgel), Magnus Anderson (Laute) und Diethard Krause (Gambe) als sehr \u00fcberzeugende Mitstreiter.<\/p>\n<p style=\"text-align: justify;\">Und auch der Orgelbeitrag, Scheidts Cantio sacra \u201eWarum betr\u00fcbst du dich mein Herz\u201c, von Kreuzorganist Holger Gehring in sensiblen Farben ausgeleuchtet, passte bestens ins Konzept dieser Vesper. (M. Hanns)<\/p>\n","protected":false},"excerpt":{"rendered":"<p>Dresdner Neueste Nachrichten, 25.10.2011 Tod und Verg\u00e4nglichkeit Kammerchor Pesterwitz sang in der Kreuzkirche Drei Zeitgenossen, die den drei\u00dfigj\u00e4hrigen Krieg durchleiden mussten \u2013 Samuel Scheidt, Johann Hermann Schein und Heinrich Sch\u00fctz -, bestimmten den musikalischen Charakter der Vesper zum 18. Sonntag&#8230; <a class=\"read-more-button\" href=\"https:\/\/www.kammerchorpesterwitz.de\/?page_id=233\">(MEHR LESEN)<\/a><\/p>\n","protected":false},"author":1,"featured_media":0,"parent":215,"menu_order":0,"comment_status":"closed","ping_status":"closed","template":"","meta":{"footnotes":""},"class_list":["post-233","page","type-page","status-publish","hentry"],"_links":{"self":[{"href":"https:\/\/www.kammerchorpesterwitz.de\/index.php?rest_route=\/wp\/v2\/pages\/233","targetHints":{"allow":["GET"]}}],"collection":[{"href":"https:\/\/www.kammerchorpesterwitz.de\/index.php?rest_route=\/wp\/v2\/pages"}],"about":[{"href":"https:\/\/www.kammerchorpesterwitz.de\/index.php?rest_route=\/wp\/v2\/types\/page"}],"author":[{"embeddable":true,"href":"https:\/\/www.kammerchorpesterwitz.de\/index.php?rest_route=\/wp\/v2\/users\/1"}],"replies":[{"embeddable":true,"href":"https:\/\/www.kammerchorpesterwitz.de\/index.php?rest_route=%2Fwp%2Fv2%2Fcomments&post=233"}],"version-history":[{"count":3,"href":"https:\/\/www.kammerchorpesterwitz.de\/index.php?rest_route=\/wp\/v2\/pages\/233\/revisions"}],"predecessor-version":[{"id":424,"href":"https:\/\/www.kammerchorpesterwitz.de\/index.php?rest_route=\/wp\/v2\/pages\/233\/revisions\/424"}],"up":[{"embeddable":true,"href":"https:\/\/www.kammerchorpesterwitz.de\/index.php?rest_route=\/wp\/v2\/pages\/215"}],"wp:attachment":[{"href":"https:\/\/www.kammerchorpesterwitz.de\/index.php?rest_route=%2Fwp%2Fv2%2Fmedia&parent=233"}],"curies":[{"name":"wp","href":"https:\/\/api.w.org\/{rel}","templated":true}]}}