{"id":239,"date":"2014-12-13T22:27:50","date_gmt":"2014-12-13T22:27:50","guid":{"rendered":"http:\/\/localhost\/wp_kape\/?page_id=239"},"modified":"2015-01-03T17:22:01","modified_gmt":"2015-01-03T17:22:01","slug":"presse-2007","status":"publish","type":"page","link":"https:\/\/www.kammerchorpesterwitz.de\/?page_id=239","title":{"rendered":"Presse 2007"},"content":{"rendered":"<h4>Dresdner Neuste Nachrichten, 26.11.2007<\/h4>\n<h6>Dem Leben auf der Spur<\/h6>\n<p style=\"text-align: justify;\"><strong>\u201eLied Zweitausendsieben\u201c<\/strong><br \/>\nReich an Details entwickelte Anne Horenburg nach einer energischen, holzschnittartigen Einleitung die \u201eRhapsodie f\u00fcr Alt, M\u00e4nnerchor und Orchester\u201c zu einem nahe gehenden Finale des Abends. Die Herren des Kammerchores Pesterwitz sangen souver\u00e4n klar und unpathetisch, Britta Schwarz verlieh dem s\u00e4ngerisch schwergewichtigen Programm zum Abschlu\u00df in der Altrhapsodie noch einen beachtlichen Zuwachs an Ausdruckstiefe. (Hartmut Sch\u00fctz)<\/p>\n<hr \/>\n<p>&nbsp;<\/p>\n<h4>Dresdner Neuste Nachrichten, 06.03.2007<\/h4>\n<h6>Entzauberung nun als Hoffnung<\/h6>\n<p style=\"text-align: justify;\"><strong>Holk Freytag inszeniert Goethes \u201eFaust II\u201c<\/strong><br \/>\nF\u00fcr den zweiten Teil von Holk Freytags Dresdener \u201eFaust\u201c-Inszenierung hat Olaf Altmann eine schier abstrakte und gerade dadurch praktikable Benutzeroberfl\u00e4che geschaffen. Hier begegnen und durchdringen sich Ober- und Unterwelten, Zeitalter, Kulturen, manifestiert sich ein scheinbar ewiges Verh\u00e4ngnis. Und zwar bei aller Kargheit durchaus atmosph\u00e4risch. Dazu tragen insbesondere die diesmal oft expressiv zeitgen\u00f6ssischen Ges\u00e4nge des Kammerchores Pesterwitz bei, der auch hier und da f\u00fcr eine geh\u00f6rige Menge Volks steht, aber nie in eine vordergr\u00fcndige Rolle ger\u00e4t. (Tomas Petzold)<\/p>\n","protected":false},"excerpt":{"rendered":"<p>Dresdner Neuste Nachrichten, 26.11.2007 Dem Leben auf der Spur \u201eLied Zweitausendsieben\u201c Reich an Details entwickelte Anne Horenburg nach einer energischen, holzschnittartigen Einleitung die \u201eRhapsodie f\u00fcr Alt, M\u00e4nnerchor und Orchester\u201c zu einem nahe gehenden Finale des Abends. Die Herren des Kammerchores&#8230; <a class=\"read-more-button\" href=\"https:\/\/www.kammerchorpesterwitz.de\/?page_id=239\">(MEHR LESEN)<\/a><\/p>\n","protected":false},"author":1,"featured_media":0,"parent":215,"menu_order":0,"comment_status":"closed","ping_status":"closed","template":"","meta":{"footnotes":""},"class_list":["post-239","page","type-page","status-publish","hentry"],"_links":{"self":[{"href":"https:\/\/www.kammerchorpesterwitz.de\/index.php?rest_route=\/wp\/v2\/pages\/239","targetHints":{"allow":["GET"]}}],"collection":[{"href":"https:\/\/www.kammerchorpesterwitz.de\/index.php?rest_route=\/wp\/v2\/pages"}],"about":[{"href":"https:\/\/www.kammerchorpesterwitz.de\/index.php?rest_route=\/wp\/v2\/types\/page"}],"author":[{"embeddable":true,"href":"https:\/\/www.kammerchorpesterwitz.de\/index.php?rest_route=\/wp\/v2\/users\/1"}],"replies":[{"embeddable":true,"href":"https:\/\/www.kammerchorpesterwitz.de\/index.php?rest_route=%2Fwp%2Fv2%2Fcomments&post=239"}],"version-history":[{"count":2,"href":"https:\/\/www.kammerchorpesterwitz.de\/index.php?rest_route=\/wp\/v2\/pages\/239\/revisions"}],"predecessor-version":[{"id":427,"href":"https:\/\/www.kammerchorpesterwitz.de\/index.php?rest_route=\/wp\/v2\/pages\/239\/revisions\/427"}],"up":[{"embeddable":true,"href":"https:\/\/www.kammerchorpesterwitz.de\/index.php?rest_route=\/wp\/v2\/pages\/215"}],"wp:attachment":[{"href":"https:\/\/www.kammerchorpesterwitz.de\/index.php?rest_route=%2Fwp%2Fv2%2Fmedia&parent=239"}],"curies":[{"name":"wp","href":"https:\/\/api.w.org\/{rel}","templated":true}]}}