{"id":243,"date":"2014-12-13T22:32:36","date_gmt":"2014-12-13T22:32:36","guid":{"rendered":"http:\/\/localhost\/wp_kape\/?page_id=243"},"modified":"2015-01-03T17:22:22","modified_gmt":"2015-01-03T17:22:22","slug":"presse-2006","status":"publish","type":"page","link":"https:\/\/www.kammerchorpesterwitz.de\/?page_id=243","title":{"rendered":"Presse 2006"},"content":{"rendered":"<h4>Dresdner Neuste Nachrichten, 09.11.2006<\/h4>\n<h6>Mozart unkonventionell<\/h6>\n<p style=\"text-align: justify;\"><strong>Kammerchor Pesterwitz und Dresdner Kapellsolisten<\/strong><br \/>\nJupitersinfonie und Hornkonzerte, Requiem und Streichquartette sind allesamt schon zum Jubil\u00e4um erklungen. Mozarts unbekanntere Seite, die des Kirchenkomponisten, erforschte der Kammerchor Pesterwitz am Sonnabend in einem Konzert, das noch einem anderen Jubil\u00e4um galt: Seit 900 Jahren hat der Ort eine Pfarrstelle und vor 100 Jahren wurde die heutige Pesterwitzer Kirche geweiht. Sie ist seit einiger Zeit auch Heimstatt des Pesterwitzer Kammerchores, der aus dem Projekt eines Freitaler Jugendchores hervorging. Seit 2000 hat er in Anne Horenburg eine motivierende Leiterin, die das Ensemble in denkbar kurzer Zeit auf ein Niveau brachte, das ihm in diesem Jahr die Beteiligung an der aktuellen &#8222;Faust&#8220; Inszenierung des Dresdner Staatsschauspiels einbrachte\u2026 Gemeinsam mit den Dresdner Kapellsolisten widmete man sich dem Jubilar Mozart auf unkonventionelle Weise, denn die meisten der gespielten Werke geh\u00f6ren zu seinen kaum gel\u00e4ufigen. In der Missa brevis B-Dur KV 275 bewies der Chor seine Qualit\u00e4ten mit beweglichem und ausgewogenem Klang, der zwar noch der Abrundung bedarf, aber mit beachtlicher dynamischer Breite gl\u00e4nzen konnte. Alle solistischen Aufgaben erledigten die Choristen bemerkenswert sicher gleich selbst\u2026 \u2026die Chormusik kennt bei Mozart schon in Jugendjahren gro\u00dfe Ernsthaftigkeit, wie das von Anne Horenburg ausgesuchte, selten zu h\u00f6rende Offertorium &#8222;Misericordias Domini&#8220; KV 222 zeigte. Beim 19-j\u00e4hrigen Komponisten manifestieren sich bereits Kraft und Tiefe der sp\u00e4ten St\u00fccke. An Geschlossenheit der Auff\u00fchrung, sicher getragen von der Energie der jungen Chorleiterin, war kein Mangel und so durften sich die zahlreichen Konzertbesucher einmal mehr \u00fcber das neu aufbl\u00fchende Musikleben in ihrer Gemeinde freuen. (Hartmut Sch\u00fctz)<\/p>\n<hr \/>\n<h4>theaterportal, 13.09.2006<\/h4>\n<h6>Zum Beginn der Spielzeit<\/h6>\n<p style=\"text-align: justify;\"><strong>Ein neuer Faust<\/strong><br \/>\n\u2026Eine kostbare Zugabe schenkte den Theaterbesuchern der Kammerchor Pesterwitz, der zwischen den Spielszenen ein musikalisch wertvolles Programm aus Volksliedern, besonders aus Kunstvolksliedern einbrachte\u2026 (Heinz Arnold)<\/p>\n","protected":false},"excerpt":{"rendered":"<p>Dresdner Neuste Nachrichten, 09.11.2006 Mozart unkonventionell Kammerchor Pesterwitz und Dresdner Kapellsolisten Jupitersinfonie und Hornkonzerte, Requiem und Streichquartette sind allesamt schon zum Jubil\u00e4um erklungen. Mozarts unbekanntere Seite, die des Kirchenkomponisten, erforschte der Kammerchor Pesterwitz am Sonnabend in einem Konzert, das noch&#8230; <a class=\"read-more-button\" href=\"https:\/\/www.kammerchorpesterwitz.de\/?page_id=243\">(MEHR LESEN)<\/a><\/p>\n","protected":false},"author":1,"featured_media":0,"parent":215,"menu_order":0,"comment_status":"closed","ping_status":"closed","template":"","meta":{"footnotes":""},"class_list":["post-243","page","type-page","status-publish","hentry"],"_links":{"self":[{"href":"https:\/\/www.kammerchorpesterwitz.de\/index.php?rest_route=\/wp\/v2\/pages\/243","targetHints":{"allow":["GET"]}}],"collection":[{"href":"https:\/\/www.kammerchorpesterwitz.de\/index.php?rest_route=\/wp\/v2\/pages"}],"about":[{"href":"https:\/\/www.kammerchorpesterwitz.de\/index.php?rest_route=\/wp\/v2\/types\/page"}],"author":[{"embeddable":true,"href":"https:\/\/www.kammerchorpesterwitz.de\/index.php?rest_route=\/wp\/v2\/users\/1"}],"replies":[{"embeddable":true,"href":"https:\/\/www.kammerchorpesterwitz.de\/index.php?rest_route=%2Fwp%2Fv2%2Fcomments&post=243"}],"version-history":[{"count":2,"href":"https:\/\/www.kammerchorpesterwitz.de\/index.php?rest_route=\/wp\/v2\/pages\/243\/revisions"}],"predecessor-version":[{"id":428,"href":"https:\/\/www.kammerchorpesterwitz.de\/index.php?rest_route=\/wp\/v2\/pages\/243\/revisions\/428"}],"up":[{"embeddable":true,"href":"https:\/\/www.kammerchorpesterwitz.de\/index.php?rest_route=\/wp\/v2\/pages\/215"}],"wp:attachment":[{"href":"https:\/\/www.kammerchorpesterwitz.de\/index.php?rest_route=%2Fwp%2Fv2%2Fmedia&parent=243"}],"curies":[{"name":"wp","href":"https:\/\/api.w.org\/{rel}","templated":true}]}}