{"id":268,"date":"2014-12-18T22:52:59","date_gmt":"2014-12-18T22:52:59","guid":{"rendered":"http:\/\/localhost\/wp_kape\/?page_id=268"},"modified":"2015-01-03T19:27:00","modified_gmt":"2015-01-03T19:27:00","slug":"impressum","status":"publish","type":"page","link":"https:\/\/www.kammerchorpesterwitz.de\/?page_id=268","title":{"rendered":"Impressum"},"content":{"rendered":"<p>Diese Seite ist die offizielle Pr\u00e4senz des Kammerchores Pesterwitz<\/p>\n<p><img loading=\"lazy\" decoding=\"async\" class=\" wp-image-285 size-medium alignright\" src=\"wp-content\/uploads\/2014\/12\/kirchentuer-200x300.jpg\" alt=\"\" width=\"200\" height=\"300\" srcset=\"https:\/\/www.kammerchorpesterwitz.de\/wp-content\/uploads\/2014\/12\/kirchentuer-200x300.jpg 200w, https:\/\/www.kammerchorpesterwitz.de\/wp-content\/uploads\/2014\/12\/kirchentuer.jpg 300w\" sizes=\"auto, (max-width: 200px) 100vw, 200px\" \/><\/p>\n<hr \/>\n<h6>Verantwortlich f\u00fcr den Inhalt gem\u00e4\u00df \u00a7 10 Absatz 3 MDStV<\/h6>\n\n<table id=\"tablepress-7\" class=\"tablepress tablepress-id-7\">\n<tbody>\n<tr class=\"row-1\">\n\t<td class=\"column-1\"><img loading=\"lazy\" decoding=\"async\" src=\"wp-content\/uploads\/2015\/01\/vcard_anne.png\" alt=\"vcard_anne\" width=\"400\" height=\"150\" class=\"alignleft size-full wp-image-440\" srcset=\"https:\/\/www.kammerchorpesterwitz.de\/wp-content\/uploads\/2015\/01\/vcard_anne.png 400w, https:\/\/www.kammerchorpesterwitz.de\/wp-content\/uploads\/2015\/01\/vcard_anne-300x113.png 300w\" sizes=\"auto, (max-width: 400px) 100vw, 400px\" \/><\/td>\n<\/tr>\n<tr class=\"row-2\">\n\t<td class=\"column-1\"><img loading=\"lazy\" decoding=\"async\" src=\"https:\/\/www.kammerchorpesterwitz.de\/wp-content\/uploads\/1695\/77\/vcard_aileen.png\" alt=\"\" width=\"400\" height=\"150\" class=\"alignleft size-full wp-image-2020\" srcset=\"https:\/\/www.kammerchorpesterwitz.de\/wp-content\/uploads\/1695\/77\/vcard_aileen.png 400w, https:\/\/www.kammerchorpesterwitz.de\/wp-content\/uploads\/1695\/77\/vcard_aileen-300x113.png 300w\" sizes=\"auto, (max-width: 400px) 100vw, 400px\" \/><br \/>\n<\/td>\n<\/tr>\n<\/tbody>\n<\/table>\n<!-- #tablepress-7 from cache -->\n<h6>Webmaster<\/h6>\n\n<table id=\"tablepress-8\" class=\"tablepress tablepress-id-8\">\n<tbody>\n<tr class=\"row-1\">\n\t<td class=\"column-1\"><img loading=\"lazy\" decoding=\"async\" src=\"wp-content\/uploads\/2015\/01\/vcard_thomas.png\" alt=\"vcard_thomas\" width=\"400\" height=\"80\" class=\"alignleft size-full wp-image-444\" srcset=\"https:\/\/www.kammerchorpesterwitz.de\/wp-content\/uploads\/2015\/01\/vcard_thomas.png 400w, https:\/\/www.kammerchorpesterwitz.de\/wp-content\/uploads\/2015\/01\/vcard_thomas-300x60.png 300w\" sizes=\"auto, (max-width: 400px) 100vw, 400px\" \/><\/td>\n<\/tr>\n<\/tbody>\n<\/table>\n<!-- #tablepress-8 from cache -->\n<hr \/>\n<h6>Haftungshinweis<\/h6>\n<p style=\"text-align: justify;\">Alle Informationen, Daten und Angebote dieser Website wurden sorgf\u00e4ltig gepr\u00fcft und werden regelm\u00e4\u00dfig aktualisiert. Eine Haftung oder Gew\u00e4hr f\u00fcr die Aktualit\u00e4t, Richtigkeit, Vollst\u00e4ndigkeit oder Eignung f\u00fcr bestimmte Verwendungszwecke der zur Verf\u00fcgung gestellten Informationen ist jedoch ausgeschlossen.<\/p>\n<p style=\"text-align: justify;\">Trotz sorgf\u00e4ltiger inhaltlicher Kontrolle \u00fcbernehmen wir keine Haftung f\u00fcr die Inhalte externer Links. F\u00fcr den Inhalt der verlinkten Seiten sind ausschlie\u00dflich deren Betreiber verantwortlich.<\/p>\n<p style=\"text-align: justify;\">Alle innerhalb des Internetangebotes genannten und ggf. durch Dritte gesch\u00fctzten Marken unterliegen uneingeschr\u00e4nkt den Bestimmungen des jeweils g\u00fcltigen Kennzeichenrechts und den Eigentumsrechten der jeweiligen eingetragenen Eigent\u00fcmer.<\/p>\n<p style=\"text-align: justify;\">Das Nutzungsrecht f\u00fcr ver\u00f6ffentlichte, von Mitarbeitern der Redaktion dieser Website selbst erstellte oder von ihnen erworbene urheberrechtlich gesch\u00fctzte Objekte bleibt allein bei der Redaktion dieser Website. Eine Vervielf\u00e4ltigung oder Verwendung solcher Grafiken, Tondokumente, Videosequenzen und Texte in anderen elektronischen oder gedruckten Publikationen ist ohne ausdr\u00fcckliche schriftliche Zustimmung der Redaktion nicht gestattet.<\/p>\n<p>&nbsp;<\/p>\n","protected":false},"excerpt":{"rendered":"<p>Diese Seite ist die offizielle Pr\u00e4senz des Kammerchores Pesterwitz Verantwortlich f\u00fcr den Inhalt gem\u00e4\u00df \u00a7 10 Absatz 3 MDStV Webmaster Haftungshinweis Alle Informationen, Daten und Angebote dieser Website wurden sorgf\u00e4ltig gepr\u00fcft und werden regelm\u00e4\u00dfig aktualisiert. Eine Haftung oder Gew\u00e4hr f\u00fcr&#8230; <a class=\"read-more-button\" href=\"https:\/\/www.kammerchorpesterwitz.de\/?page_id=268\">(MEHR LESEN)<\/a><\/p>\n","protected":false},"author":1,"featured_media":0,"parent":2,"menu_order":0,"comment_status":"closed","ping_status":"closed","template":"","meta":{"footnotes":""},"class_list":["post-268","page","type-page","status-publish","hentry"],"_links":{"self":[{"href":"https:\/\/www.kammerchorpesterwitz.de\/index.php?rest_route=\/wp\/v2\/pages\/268","targetHints":{"allow":["GET"]}}],"collection":[{"href":"https:\/\/www.kammerchorpesterwitz.de\/index.php?rest_route=\/wp\/v2\/pages"}],"about":[{"href":"https:\/\/www.kammerchorpesterwitz.de\/index.php?rest_route=\/wp\/v2\/types\/page"}],"author":[{"embeddable":true,"href":"https:\/\/www.kammerchorpesterwitz.de\/index.php?rest_route=\/wp\/v2\/users\/1"}],"replies":[{"embeddable":true,"href":"https:\/\/www.kammerchorpesterwitz.de\/index.php?rest_route=%2Fwp%2Fv2%2Fcomments&post=268"}],"version-history":[{"count":16,"href":"https:\/\/www.kammerchorpesterwitz.de\/index.php?rest_route=\/wp\/v2\/pages\/268\/revisions"}],"predecessor-version":[{"id":501,"href":"https:\/\/www.kammerchorpesterwitz.de\/index.php?rest_route=\/wp\/v2\/pages\/268\/revisions\/501"}],"up":[{"embeddable":true,"href":"https:\/\/www.kammerchorpesterwitz.de\/index.php?rest_route=\/wp\/v2\/pages\/2"}],"wp:attachment":[{"href":"https:\/\/www.kammerchorpesterwitz.de\/index.php?rest_route=%2Fwp%2Fv2%2Fmedia&parent=268"}],"curies":[{"name":"wp","href":"https:\/\/api.w.org\/{rel}","templated":true}]}}