{"id":350,"date":"2014-12-29T14:06:34","date_gmt":"2014-12-29T14:06:34","guid":{"rendered":"http:\/\/localhost\/wp_kape\/?page_id=350"},"modified":"2023-07-16T15:28:27","modified_gmt":"2023-07-16T13:28:27","slug":"foerderverein-kammerchor-pesterwitz-e-v","status":"publish","type":"page","link":"https:\/\/www.kammerchorpesterwitz.de\/?page_id=350","title":{"rendered":"F\u00f6rderverein Kammerchor Pesterwitz e.V."},"content":{"rendered":"<p style=\"text-align: justify;\">Unterst\u00fctzen Sie den Kammerchor Pesterwitz! Spenden Sie oder werden Sie Mitglied im F\u00f6rderverein Kammerchor Pesterwitz e.V. Gern stellen wir Ihnen Spendenbescheinigungen aus. Vielen Dank!<\/p>\n<hr \/>\n<h6>Unser F\u00f6rderverein<\/h6>\n<p style=\"text-align: justify;\">Im Sommer 2006 hat sich eine kleine Gruppe, bestehend aus S\u00e4ngern und Fans des Kammerchores Pesterwitz, zusammengefunden, um einen Verein zu gr\u00fcnden, der das Ensemble mit seinen immer umfassender werdenden Aufgaben in allen Belangen organisiert und verwaltet. So \u00fcbernimmt er alle Aufgaben, die im Zusammenhang mit Planung und Organisation von Proben und Konzerten anfallen und erm\u00f6glicht \u00fcberhaupt erst die Arbeit des Chores, indem er finanzielle Bezuschussungen organisiert und verwaltet. Der Verein ist nicht nur f\u00fcr die S\u00e4nger sondern auch f\u00fcr alle interessierten F\u00f6rderer offen.<\/p>\n<p><strong>Der Vorstand:<\/strong><\/p>\n<ul>\n<li>Aileen P\u00f6nack, Vorstandsvorsitzende<\/li>\n<li>Anne Horenburg, Musikalische Leitung<\/li>\n<li>Yvonne Binnewerg<\/li>\n<li>Katharina Honecker<\/li>\n<li>Ulrike Scherzer<\/li>\n<\/ul>\n<p><strong>Unsere Ehrenmitglieder:<\/strong><\/p>\n<ul>\n<li>Kristian Wegscheider, Orgelbaumeister<\/li>\n<li>Holk Freytag, Intendant des Staatsschauspiels Dresden a.D.<\/li>\n<li>Matthias Koch, Pfarrer<\/li>\n<\/ul>\n<p style=\"text-align: justify;\">Interessierte k\u00f6nnen hier die <a title=\"Vereinssatzung [pdf]\" href=\"wp-content\/uploads\/2014\/12\/vereinssatzung.pdf\" target=\"_blank\" rel=\"noopener noreferrer\">Vereinssatzung [pdf]<\/a> und die <a title=\"Beitragsordnung [pdf]\" href=\"wp-content\/uploads\/2016\/12\/beitragsordnung.pdf\" target=\"_blank\" rel=\"noopener noreferrer\">Beitragsordnung [pdf]<\/a> einsehen.<\/p>\n<hr \/>\n<h6>F\u00f6rderndes Mitglied werden<\/h6>\n<p style=\"text-align: justify;\">Unser Verein ist noch klein. Neue Mitglieder sind jederzeit herzlich willkommen! Bei Interesse wenden Sie sich bitte an die Vorstandsvorsitzende Aileen P\u00f6nack oder f\u00fcllen Sie einfach die <a title=\"Beitrittserkl\u00e4rung [pdf]\" href=\"wp-content\/uploads\/2014\/12\/beitrittserklaerung.pdf\" target=\"_blank\" rel=\"noopener noreferrer\">Beitrittserkl\u00e4rung [pdf]<\/a> aus und schicken Sie diese an<br \/>\n<img loading=\"lazy\" decoding=\"async\" class=\" size-full wp-image-446 alignnone\" src=\"wp-content\/uploads\/2014\/12\/vcard_fv.png\" alt=\"\" width=\"400\" height=\"150\" srcset=\"https:\/\/www.kammerchorpesterwitz.de\/wp-content\/uploads\/2014\/12\/vcard_fv.png 400w, https:\/\/www.kammerchorpesterwitz.de\/wp-content\/uploads\/2014\/12\/vcard_fv-300x113.png 300w\" sizes=\"auto, (max-width: 400px) 100vw, 400px\" \/><br \/>\n<strong>Bankverbindung<\/strong><br \/>\nSpenden nehmen wir dankbar entgegen! Wir sind berechtigt, Spendenbescheinigungen auszustellen und senden Ihnen diese gern zu.<br \/>\n<img loading=\"lazy\" decoding=\"async\" class=\"alignleft size-full wp-image-450\" src=\"wp-content\/uploads\/2014\/12\/vcard_fv_bank.png\" alt=\"\" width=\"400\" height=\"150\" srcset=\"https:\/\/www.kammerchorpesterwitz.de\/wp-content\/uploads\/2014\/12\/vcard_fv_bank.png 400w, https:\/\/www.kammerchorpesterwitz.de\/wp-content\/uploads\/2014\/12\/vcard_fv_bank-300x113.png 300w\" sizes=\"auto, (max-width: 400px) 100vw, 400px\" \/><\/p>\n","protected":false},"excerpt":{"rendered":"<p>Unterst\u00fctzen Sie den Kammerchor Pesterwitz! Spenden Sie oder werden Sie Mitglied im F\u00f6rderverein Kammerchor Pesterwitz e.V. Gern stellen wir Ihnen Spendenbescheinigungen aus. Vielen Dank! Unser F\u00f6rderverein Im Sommer 2006 hat sich eine kleine Gruppe, bestehend aus S\u00e4ngern und Fans des&#8230; <a class=\"read-more-button\" href=\"https:\/\/www.kammerchorpesterwitz.de\/?page_id=350\">(MEHR LESEN)<\/a><\/p>\n","protected":false},"author":1,"featured_media":0,"parent":53,"menu_order":0,"comment_status":"closed","ping_status":"closed","template":"","meta":{"footnotes":""},"class_list":["post-350","page","type-page","status-publish","hentry"],"_links":{"self":[{"href":"https:\/\/www.kammerchorpesterwitz.de\/index.php?rest_route=\/wp\/v2\/pages\/350","targetHints":{"allow":["GET"]}}],"collection":[{"href":"https:\/\/www.kammerchorpesterwitz.de\/index.php?rest_route=\/wp\/v2\/pages"}],"about":[{"href":"https:\/\/www.kammerchorpesterwitz.de\/index.php?rest_route=\/wp\/v2\/types\/page"}],"author":[{"embeddable":true,"href":"https:\/\/www.kammerchorpesterwitz.de\/index.php?rest_route=\/wp\/v2\/users\/1"}],"replies":[{"embeddable":true,"href":"https:\/\/www.kammerchorpesterwitz.de\/index.php?rest_route=%2Fwp%2Fv2%2Fcomments&post=350"}],"version-history":[{"count":20,"href":"https:\/\/www.kammerchorpesterwitz.de\/index.php?rest_route=\/wp\/v2\/pages\/350\/revisions"}],"predecessor-version":[{"id":1994,"href":"https:\/\/www.kammerchorpesterwitz.de\/index.php?rest_route=\/wp\/v2\/pages\/350\/revisions\/1994"}],"up":[{"embeddable":true,"href":"https:\/\/www.kammerchorpesterwitz.de\/index.php?rest_route=\/wp\/v2\/pages\/53"}],"wp:attachment":[{"href":"https:\/\/www.kammerchorpesterwitz.de\/index.php?rest_route=%2Fwp%2Fv2%2Fmedia&parent=350"}],"curies":[{"name":"wp","href":"https:\/\/api.w.org\/{rel}","templated":true}]}}