{"id":851,"date":"2016-02-04T15:15:59","date_gmt":"2016-02-04T14:15:59","guid":{"rendered":"http:\/\/www.kammerchorpesterwitz.de\/?page_id=851"},"modified":"2016-03-25T14:05:40","modified_gmt":"2016-03-25T13:05:40","slug":"erneuere-unsere-tage","status":"publish","type":"page","link":"https:\/\/www.kammerchorpesterwitz.de\/?page_id=851","title":{"rendered":"Erneuere unsere Tage&#8230;"},"content":{"rendered":"<h4>20. M\u00e4rz 2016, 17 Uhr, St. Jacobuskirche Pesterwitz<\/h4>\n<hr \/>\n<p><img loading=\"lazy\" decoding=\"async\" class=\"alignleft wp-image-833\" src=\"http:\/\/www.kammerchorpesterwitz.de\/wp-content\/uploads\/2016\/02\/plakat_2016_03.jpg\" alt=\"Plakat\" width=\"259\" height=\"432\" srcset=\"https:\/\/www.kammerchorpesterwitz.de\/wp-content\/uploads\/2016\/02\/plakat_2016_03.jpg 387w, https:\/\/www.kammerchorpesterwitz.de\/wp-content\/uploads\/2016\/02\/plakat_2016_03-180x300.jpg 180w\" sizes=\"auto, (max-width: 259px) 100vw, 259px\" \/><br \/>\n\u201eHerr, bring\u2019 uns wieder zu dir zur\u00fcck, damit wir uns zu dir wenden! Erneuere unsere Tage, damit sie werden wie fr\u00fcher.\u201c (Kla 5, 21)<br \/>\nDieser Ausspruch aus den Klageliedern Jeremias beschreibt die Geschehnisse der letzten Monate nur zu gut. Millionen Menschen fliehen vor dem Krieg aus ihrer Heimat auf der Suche nach Sicherheit und Normalit\u00e4t. Doch auch bei uns stehen einem geregelten Alltag der Hilfesuchenden zahlreiche Hindernisse im Weg.<br \/>\nDer Kammerchor Pesterwitz m\u00f6chte Gesicht zeigen f\u00fcr ein solidarisches Miteinander, gleichzeitig konkrete Hilfe anbieten und sich f\u00fcr ein weltoffenes Sachsen engagieren. Deshalb gestaltet er dieses Benefizkonzert zugunsten des Willkommensb\u00fcndnisses Freital.<br \/>\nIn Bezug auf die aktuelle Situation wurde auch das musikalische Programm des Konzertes ausgew\u00e4hlt. Dass letztendlich das Vertrauen auf Gott eine Antwort auf das Elend sein kann, betonen die Kompositionen, allen voran die Motette \u201eVerleih uns Frieden\u201c von Heinrich Sch\u00fctz.<\/p>\n<p>Durch Ihre Unterst\u00fctzung k\u00f6nnen wir ein deutliches Signal f\u00fcr die Fl\u00fcchtlingshilfe in Sachsen entsenden und den hilfesuchenden Menschen ein St\u00fcck Alltag zur\u00fcckgeben. Wir freuen uns, dass Sie uns dabei helfen.<\/p>\n","protected":false},"excerpt":{"rendered":"<p>20. M\u00e4rz 2016, 17 Uhr, St. Jacobuskirche Pesterwitz \u201eHerr, bring\u2019 uns wieder zu dir zur\u00fcck, damit wir uns zu dir wenden! Erneuere unsere Tage, damit sie werden wie fr\u00fcher.\u201c (Kla 5, 21) Dieser Ausspruch aus den Klageliedern Jeremias beschreibt die&#8230; <a class=\"read-more-button\" href=\"https:\/\/www.kammerchorpesterwitz.de\/?page_id=851\">(MEHR LESEN)<\/a><\/p>\n","protected":false},"author":1,"featured_media":0,"parent":119,"menu_order":0,"comment_status":"closed","ping_status":"closed","template":"","meta":{"footnotes":""},"class_list":["post-851","page","type-page","status-publish","hentry"],"_links":{"self":[{"href":"https:\/\/www.kammerchorpesterwitz.de\/index.php?rest_route=\/wp\/v2\/pages\/851","targetHints":{"allow":["GET"]}}],"collection":[{"href":"https:\/\/www.kammerchorpesterwitz.de\/index.php?rest_route=\/wp\/v2\/pages"}],"about":[{"href":"https:\/\/www.kammerchorpesterwitz.de\/index.php?rest_route=\/wp\/v2\/types\/page"}],"author":[{"embeddable":true,"href":"https:\/\/www.kammerchorpesterwitz.de\/index.php?rest_route=\/wp\/v2\/users\/1"}],"replies":[{"embeddable":true,"href":"https:\/\/www.kammerchorpesterwitz.de\/index.php?rest_route=%2Fwp%2Fv2%2Fcomments&post=851"}],"version-history":[{"count":1,"href":"https:\/\/www.kammerchorpesterwitz.de\/index.php?rest_route=\/wp\/v2\/pages\/851\/revisions"}],"predecessor-version":[{"id":852,"href":"https:\/\/www.kammerchorpesterwitz.de\/index.php?rest_route=\/wp\/v2\/pages\/851\/revisions\/852"}],"up":[{"embeddable":true,"href":"https:\/\/www.kammerchorpesterwitz.de\/index.php?rest_route=\/wp\/v2\/pages\/119"}],"wp:attachment":[{"href":"https:\/\/www.kammerchorpesterwitz.de\/index.php?rest_route=%2Fwp%2Fv2%2Fmedia&parent=851"}],"curies":[{"name":"wp","href":"https:\/\/api.w.org\/{rel}","templated":true}]}}