{"id":917,"date":"2016-04-21T21:13:50","date_gmt":"2016-04-21T19:13:50","guid":{"rendered":"http:\/\/www.kammerchorpesterwitz.de\/?page_id=917"},"modified":"2016-05-30T22:23:12","modified_gmt":"2016-05-30T20:23:12","slug":"der-rose-pilgerfahrt","status":"publish","type":"page","link":"https:\/\/www.kammerchorpesterwitz.de\/?page_id=917","title":{"rendered":"Der Rose Pilgerfahrt"},"content":{"rendered":"<h4>29. Mai 2016, \u00a017 Uhr, St. Jakobuskirche Pesterwitz<\/h4>\n<hr \/>\n<p><img loading=\"lazy\" decoding=\"async\" class=\"alignleft size-full wp-image-912\" src=\"http:\/\/www.kammerchorpesterwitz.de\/wp-content\/uploads\/2016\/04\/plakat_2016_05-1.jpg\" alt=\"plakat_2016_05\" width=\"300\" height=\"421\" srcset=\"https:\/\/www.kammerchorpesterwitz.de\/wp-content\/uploads\/2016\/04\/plakat_2016_05-1.jpg 300w, https:\/\/www.kammerchorpesterwitz.de\/wp-content\/uploads\/2016\/04\/plakat_2016_05-1-214x300.jpg 214w\" sizes=\"auto, (max-width: 300px) 100vw, 300px\" \/>Wir freuen uns Ihnen dieses besondere liedhafte Oratorium \u2013 Schumanns Vertonung eines romantischen Kunstm\u00e4rchens nach einem Text von Heinrich Moritz Horn (1814-1874) ank\u00fcndigen zu k\u00f6nnen. Das etwas naiv anmutende M\u00e4rchenspiel w\u00e4re ohne Schumanns Vertonung wohl in der \u201eMottenkiste\u201c der Literaturgeschichte verschwunden. Typisch romantische Topoi (Erl\u00f6sungsgeschehen, Einbruch des Phantastischen in die Wirklichkeit) verquickt mit biedermeierlichen Idealen (heile Dorfwelt, h\u00e4usliches Muttergl\u00fcck) wirkten im 20. Jahrhundert schnell unmodern. Schumanns musikalische Umsetzung zeigt jedoch seine experimentelle und stets innovative Auseinandersetzung mit der Gattung Oratorium sowie seine zarte musikalische Liedsprache. Franz Liszt jedenfalls sah in dem St\u00fcck ein Meisterwerk: \u201e\u2026da verwandeln sich Wolken in D\u00fcfte, Wellen in wogende T\u00f6ne\u2026\u201c. In diesem Konzert k\u00f6nnen Sie das Werk in der von Schumann selbst bevorzugten Urfassung mit Klavierbegleitung, die 1851 bei einem Hauskonzert in Schumanns D\u00fcsseldorfer Privatwohnung uraufgef\u00fchrt wurde, erleben.<br \/>\nNach dem Konzert laden wir wie gewohnt noch zu einem Glas Pesterwitzer Wein ein. Wir freuen uns auf Sie!<\/p>\n<p>Gef\u00f6rdert durch den Kulturraum Mei\u00dfen-S\u00e4chsische Schweiz-Osterzgebirge und die Stadt Freital<\/p>\n","protected":false},"excerpt":{"rendered":"<p>29. Mai 2016, \u00a017 Uhr, St. Jakobuskirche Pesterwitz Wir freuen uns Ihnen dieses besondere liedhafte Oratorium \u2013 Schumanns Vertonung eines romantischen Kunstm\u00e4rchens nach einem Text von Heinrich Moritz Horn (1814-1874) ank\u00fcndigen zu k\u00f6nnen. Das etwas naiv anmutende M\u00e4rchenspiel w\u00e4re ohne&#8230; <a class=\"read-more-button\" href=\"https:\/\/www.kammerchorpesterwitz.de\/?page_id=917\">(MEHR LESEN)<\/a><\/p>\n","protected":false},"author":1,"featured_media":0,"parent":119,"menu_order":0,"comment_status":"closed","ping_status":"closed","template":"","meta":{"footnotes":""},"class_list":["post-917","page","type-page","status-publish","hentry"],"_links":{"self":[{"href":"https:\/\/www.kammerchorpesterwitz.de\/index.php?rest_route=\/wp\/v2\/pages\/917","targetHints":{"allow":["GET"]}}],"collection":[{"href":"https:\/\/www.kammerchorpesterwitz.de\/index.php?rest_route=\/wp\/v2\/pages"}],"about":[{"href":"https:\/\/www.kammerchorpesterwitz.de\/index.php?rest_route=\/wp\/v2\/types\/page"}],"author":[{"embeddable":true,"href":"https:\/\/www.kammerchorpesterwitz.de\/index.php?rest_route=\/wp\/v2\/users\/1"}],"replies":[{"embeddable":true,"href":"https:\/\/www.kammerchorpesterwitz.de\/index.php?rest_route=%2Fwp%2Fv2%2Fcomments&post=917"}],"version-history":[{"count":2,"href":"https:\/\/www.kammerchorpesterwitz.de\/index.php?rest_route=\/wp\/v2\/pages\/917\/revisions"}],"predecessor-version":[{"id":928,"href":"https:\/\/www.kammerchorpesterwitz.de\/index.php?rest_route=\/wp\/v2\/pages\/917\/revisions\/928"}],"up":[{"embeddable":true,"href":"https:\/\/www.kammerchorpesterwitz.de\/index.php?rest_route=\/wp\/v2\/pages\/119"}],"wp:attachment":[{"href":"https:\/\/www.kammerchorpesterwitz.de\/index.php?rest_route=%2Fwp%2Fv2%2Fmedia&parent=917"}],"curies":[{"name":"wp","href":"https:\/\/api.w.org\/{rel}","templated":true}]}}