{"id":96,"date":"2014-12-06T20:51:13","date_gmt":"2014-12-06T20:51:13","guid":{"rendered":"http:\/\/localhost\/wp_kape\/?page_id=96"},"modified":"2016-03-25T14:10:25","modified_gmt":"2016-03-25T13:10:25","slug":"jauchzet-frohlocket-auf-preiset-die-tage","status":"publish","type":"page","link":"https:\/\/www.kammerchorpesterwitz.de\/?page_id=96","title":{"rendered":"Jauchzet, frohlocket, auf, preiset die Tage&#8230;"},"content":{"rendered":"<h4>7. und 28. Dezember 2014, St. Jakobuskirche Pesterwitz<\/h4>\n<hr \/>\n<p><img loading=\"lazy\" decoding=\"async\" class=\"alignleft size-full wp-image-39\" src=\"wp-content\/uploads\/2014\/11\/plakat_2014_12.jpg\" alt=\"\" width=\"320\" height=\"498\" srcset=\"https:\/\/www.kammerchorpesterwitz.de\/wp-content\/uploads\/2014\/11\/plakat_2014_12.jpg 320w, https:\/\/www.kammerchorpesterwitz.de\/wp-content\/uploads\/2014\/11\/plakat_2014_12-192x300.jpg 192w\" sizes=\"auto, (max-width: 320px) 100vw, 320px\" \/><\/p>\n<p style=\"text-align: justify;\">\u201eJauchzet, frohlocket, auf, preiset die Tage\u201c&#8230; so erschallt es allj\u00e4hrlich im Dezember aus vielen Kirchen in gr\u00f6\u00dferen und kleineren St\u00e4dten unseres Landes. F\u00fcr viele Menschen beginnt erst dann Weihnachten, wenn die ersten Paukenschl\u00e4ge ert\u00f6nen, die Trompeten schmettern und der Chor seinen Jubelgesang anstimmt \u2013 Hoffnung, Freude, Glanz und Licht verbreitet diese Musik, \u201eklar, doch unerkl\u00e4rbar\u201c.<\/p>\n<p>&nbsp;<\/p>\n<p style=\"text-align: justify;\">Diesem Zauber m\u00f6chte sich der Kammerchor Pesterwitz nun erstmalig auch hingeben, und so entdeckt das Ensemble das wohl popul\u00e4rste Werk Johann Sebastian Bachs im 15. Jahr seines Bestehens ganz neu&#8230;<\/p>\n<p style=\"text-align: justify;\">Entscheidend ist bei dieser Entdeckungsreise das Gesamtwerk, die innere Einheit der sechs Kantaten. Deshalb beschr\u00e4nkt sich das Ensemble nicht auf eine Auswahl, sondern freut sich, gemeinsam mit dem in historischer Auff\u00fchrungspraxis versierten Dresdner Barockorchester und einem exzellenten Solistenensemble das Werk an zwei Konzertnachmittagen in seiner Gesamtheit musizieren zu d\u00fcrfen.<\/p>\n<p style=\"text-align: justify;\">Dem \u201eber\u00fchmten\u201c Oratorium des Vaters wird das weniger bekannte \u201eMagnificat\u201c Carl Philipp Emanuels vorangestellt, eine Komposition, die uns stilistisch vielf\u00e4ltig und farbenreich hineinf\u00fchrt in das klangliche Wunder von Weihnachten.<\/p>\n<p>&nbsp;<\/p>\n","protected":false},"excerpt":{"rendered":"<p>7. und 28. Dezember 2014, St. Jakobuskirche Pesterwitz \u201eJauchzet, frohlocket, auf, preiset die Tage\u201c&#8230; so erschallt es allj\u00e4hrlich im Dezember aus vielen Kirchen in gr\u00f6\u00dferen und kleineren St\u00e4dten unseres Landes. F\u00fcr viele Menschen beginnt erst dann Weihnachten, wenn die ersten&#8230; <a class=\"read-more-button\" href=\"https:\/\/www.kammerchorpesterwitz.de\/?page_id=96\">(MEHR LESEN)<\/a><\/p>\n","protected":false},"author":1,"featured_media":0,"parent":589,"menu_order":0,"comment_status":"closed","ping_status":"closed","template":"","meta":{"footnotes":""},"class_list":["post-96","page","type-page","status-publish","hentry"],"_links":{"self":[{"href":"https:\/\/www.kammerchorpesterwitz.de\/index.php?rest_route=\/wp\/v2\/pages\/96","targetHints":{"allow":["GET"]}}],"collection":[{"href":"https:\/\/www.kammerchorpesterwitz.de\/index.php?rest_route=\/wp\/v2\/pages"}],"about":[{"href":"https:\/\/www.kammerchorpesterwitz.de\/index.php?rest_route=\/wp\/v2\/types\/page"}],"author":[{"embeddable":true,"href":"https:\/\/www.kammerchorpesterwitz.de\/index.php?rest_route=\/wp\/v2\/users\/1"}],"replies":[{"embeddable":true,"href":"https:\/\/www.kammerchorpesterwitz.de\/index.php?rest_route=%2Fwp%2Fv2%2Fcomments&post=96"}],"version-history":[{"count":22,"href":"https:\/\/www.kammerchorpesterwitz.de\/index.php?rest_route=\/wp\/v2\/pages\/96\/revisions"}],"predecessor-version":[{"id":490,"href":"https:\/\/www.kammerchorpesterwitz.de\/index.php?rest_route=\/wp\/v2\/pages\/96\/revisions\/490"}],"up":[{"embeddable":true,"href":"https:\/\/www.kammerchorpesterwitz.de\/index.php?rest_route=\/wp\/v2\/pages\/589"}],"wp:attachment":[{"href":"https:\/\/www.kammerchorpesterwitz.de\/index.php?rest_route=%2Fwp%2Fv2%2Fmedia&parent=96"}],"curies":[{"name":"wp","href":"https:\/\/api.w.org\/{rel}","templated":true}]}}