{"id":965,"date":"2016-09-13T20:39:35","date_gmt":"2016-09-13T18:39:35","guid":{"rendered":"http:\/\/www.kammerchorpesterwitz.de\/?page_id=965"},"modified":"2016-09-13T21:34:50","modified_gmt":"2016-09-13T19:34:50","slug":"presse-2014","status":"publish","type":"page","link":"https:\/\/www.kammerchorpesterwitz.de\/?page_id=965","title":{"rendered":"Presse 2014"},"content":{"rendered":"<h4>Dresdner Neueste Nachrichten, 31.1.2014<\/h4>\n<h6>Blumen der Enkel<br \/>\nGeburtstagskonzert f\u00fcr Rudolf Mauersberger<\/h6>\n<p>\u00dcber vierhundert S\u00e4ngerinnen und S\u00e4nger aus verschiedenen Ch\u00f6ren Dresdens sowie der n\u00e4heren oder weiteren Umgebung hatten sich zusammen mit einem zahlreichen Publikum in der Dresdner Kreuzkirche eingefunden, um den 125. Geburtstag des fr\u00fcheren Kreuzkantors Rudolf Mauersberger zu begehen. Es gab sozusagen einen musikalischen Blumenstrau\u00df der \u201eEnkelsch\u00fclerinnen und -sch\u00fcler\u201c, wie der jetzige Amtsinhaber Roderich Kreile anmerkte.\u00a0\u00a0 &#8230;<br \/>\nWesentlicher Bestandteil des Konzertes waren auch Kostproben aus dem Schaffen des Komponisten Rudolf Mauersberger (wie sie auch auf einer gleichzeitig ver\u00f6ffentlichten CD-Box zu finden sind).\u00a0 &#8230;.<br \/>\nAusdrucksstark kam ein Ausschnitt aus der \u201eMotette vom Frieden\u201c durch den Pesterwitzer Kammerchor zu Geh\u00f6r, ein Ensemble, das sich unter Anne Horenburg in den letzten Jahren pr\u00e4chtig entwickelt hat. &#8230;<\/p>\n<p><em>M. Hanns<\/em><\/p>\n","protected":false},"excerpt":{"rendered":"<p>Dresdner Neueste Nachrichten, 31.1.2014 Blumen der Enkel Geburtstagskonzert f\u00fcr Rudolf Mauersberger \u00dcber vierhundert S\u00e4ngerinnen und S\u00e4nger aus verschiedenen Ch\u00f6ren Dresdens sowie der n\u00e4heren oder weiteren Umgebung hatten sich zusammen mit einem zahlreichen Publikum in der Dresdner Kreuzkirche eingefunden, um den&#8230; <a class=\"read-more-button\" href=\"https:\/\/www.kammerchorpesterwitz.de\/?page_id=965\">(MEHR LESEN)<\/a><\/p>\n","protected":false},"author":1,"featured_media":0,"parent":215,"menu_order":0,"comment_status":"closed","ping_status":"closed","template":"","meta":{"footnotes":""},"class_list":["post-965","page","type-page","status-publish","hentry"],"_links":{"self":[{"href":"https:\/\/www.kammerchorpesterwitz.de\/index.php?rest_route=\/wp\/v2\/pages\/965","targetHints":{"allow":["GET"]}}],"collection":[{"href":"https:\/\/www.kammerchorpesterwitz.de\/index.php?rest_route=\/wp\/v2\/pages"}],"about":[{"href":"https:\/\/www.kammerchorpesterwitz.de\/index.php?rest_route=\/wp\/v2\/types\/page"}],"author":[{"embeddable":true,"href":"https:\/\/www.kammerchorpesterwitz.de\/index.php?rest_route=\/wp\/v2\/users\/1"}],"replies":[{"embeddable":true,"href":"https:\/\/www.kammerchorpesterwitz.de\/index.php?rest_route=%2Fwp%2Fv2%2Fcomments&post=965"}],"version-history":[{"count":4,"href":"https:\/\/www.kammerchorpesterwitz.de\/index.php?rest_route=\/wp\/v2\/pages\/965\/revisions"}],"predecessor-version":[{"id":971,"href":"https:\/\/www.kammerchorpesterwitz.de\/index.php?rest_route=\/wp\/v2\/pages\/965\/revisions\/971"}],"up":[{"embeddable":true,"href":"https:\/\/www.kammerchorpesterwitz.de\/index.php?rest_route=\/wp\/v2\/pages\/215"}],"wp:attachment":[{"href":"https:\/\/www.kammerchorpesterwitz.de\/index.php?rest_route=%2Fwp%2Fv2%2Fmedia&parent=965"}],"curies":[{"name":"wp","href":"https:\/\/api.w.org\/{rel}","templated":true}]}}